{"id":7,"date":"2024-04-10T17:56:20","date_gmt":"2024-04-10T20:56:20","guid":{"rendered":"https:\/\/artminhamoveiseartesanatos.com.br\/?page_id=7"},"modified":"2024-05-10T16:22:09","modified_gmt":"2024-05-10T19:22:09","slug":"blog","status":"publish","type":"page","link":"https:\/\/artminhamoveiseartesanatos.com.br\/?page_id=7","title":{"rendered":"Sobre"},"content":{"rendered":"<div data-colibri-id=\"7-c1\" class=\"style-435 style-local-7-c1 position-relative\">\n  <!---->\n  <div data-colibri-component=\"section\" data-colibri-id=\"7-c2\" id=\"initial-content\" class=\"h-section h-section-global-spacing d-flex align-items-lg-center align-items-md-center align-items-center style-436 style-local-7-c2 position-relative\">\n    <!---->\n    <!---->\n    <div class=\"h-section-grid-container h-section-boxed-container\">\n      <!---->\n      <div data-colibri-id=\"7-c3\" class=\"h-row-container gutters-row-lg-2 gutters-row-md-2 gutters-row-0 gutters-row-v-lg-2 gutters-row-v-md-2 gutters-row-v-2 style-437 style-local-7-c3 position-relative\">\n        <!---->\n        <div class=\"h-row justify-content-lg-center justify-content-md-center justify-content-center align-items-lg-stretch align-items-md-stretch align-items-stretch gutters-col-lg-2 gutters-col-md-2 gutters-col-0 gutters-col-v-lg-2 gutters-col-v-md-2 gutters-col-v-2\">\n          <!---->\n          <div class=\"h-column h-column-container d-flex h-col-lg-auto h-col-md-auto h-col-auto style-438-outer style-local-7-c4-outer\">\n            <div data-colibri-id=\"7-c4\" class=\"d-flex h-flex-basis h-column__inner h-px-lg-2 h-px-md-2 h-px-2 v-inner-lg-2 v-inner-md-2 v-inner-2 style-438 style-local-7-c4 position-relative\">\n              <!---->\n              <!---->\n              <div class=\"w-100 h-y-container h-column__content h-column__v-align flex-basis-100 align-self-lg-start align-self-md-start align-self-start\">\n                <!---->\n                <div data-colibri-id=\"7-c5\" class=\"style-439 style-local-7-c5 position-relative h-element\">\n                  <!---->\n                  <div>\n                    \n                    <h2 class=\"wp-block-heading\">\n                      <br>Art&#8217; Minha Moveis &amp; Artesanatos<\/h2>\n                    \n\n                    \n                    <p class=\"wp-block-paragraph\">A <strong>Art&#8217; Minha<\/strong> \u00e9 mais do que uma loja de m\u00f3veis r\u00fasticos, \u00e9 um ref\u00fagio para quem busca aconchego, beleza e atemporalidade. Aqui, voc\u00ea encontra pe\u00e7as feitas \u00e0 m\u00e3o com madeira maci\u00e7a de demoli\u00e7\u00e3o, carregadas de hist\u00f3ria\n                      e personalidade. Cada m\u00f3vel \u00e9 \u00fanico, com marcas e imperfei\u00e7\u00f5es que contam uma hist\u00f3ria e revelam a beleza aut\u00eantica da madeira.<\/p>\n                    \n\n                    \n                    <p class=\"wp-block-paragraph\"><strong>Nosso compromisso:<\/strong><\/p>\n                    \n\n                    \n                    <ul class=\"wp-block-list\">\n                      \n                      <li><strong>Sustentabilidade:<\/strong>&nbsp;Priorizamos o uso de madeira de demoli\u00e7\u00e3o, dando nova vida a materiais que seriam descartados.<\/li>\n                      \n\n                      \n                      <li><strong>Qualidade:<\/strong>&nbsp;Nossos m\u00f3veis s\u00e3o feitos com materiais de alta qualidade e t\u00e9cnicas tradicionais, garantindo durabilidade e resist\u00eancia.<\/li>\n                      \n\n                      \n                      <li><strong>Design:<\/strong>&nbsp;Oferecemos uma variedade de estilos e acabamentos para atender \u00e0s suas necessidades e prefer\u00eancias.<\/li>\n                      \n\n                      \n                      <li><strong>Atendimento personalizado:<\/strong>&nbsp;Nossa equipe atenciosa est\u00e1 \u00e0 disposi\u00e7\u00e3o para ajud\u00e1-lo a encontrar o m\u00f3vel perfeito para sua casa.<\/li>\n                      \n                    <\/ul>\n                    \n\n                    \n                    <p class=\"wp-block-paragraph\"><strong>Venha nos visitar e se encante com a Art&#8217; Minha!<\/strong><\/p>\n                    \n\n                    \n                    <p class=\"wp-block-paragraph\"><strong>Encontre-nos:<\/strong><\/p>\n                    \n\n                    \n                    <ul class=\"wp-block-list\">\n                      \n                      <li><strong>Endere\u00e7o:<\/strong>&nbsp;Rod Fern\u00e3o Dias, Km 44 Parque Fern\u00e3o Dias \u2013 Atibaia \u2013 12948-009<\/li>\n                      \n\n                      \n                      <li><strong>Telefone:<\/strong>&nbsp;(11) 94297-9416<\/li>\n                      \n\n                      \n                      <li><strong>Site:<\/strong>&nbsp;artminhamoveiseartesanatos.com.br<\/li>\n                      \n                    <\/ul>\n                    \n\n                    \n                    <p class=\"wp-block-paragraph\"><strong>Visite nosso showroom e descubra como os m\u00f3veis r\u00fasticos da Art&#8217; Minha podem transformar sua casa em um lar acolhedor e cheio de personalidade.<\/strong><\/p>\n                    \n                  <\/div>\n                <\/div>\n              <\/div>\n            <\/div>\n          <\/div>\n        <\/div>\n      <\/div>\n    <\/div>\n  <\/div>\n<\/div>","protected":false},"excerpt":{"rendered":"<p>Art&#8217; Minha Moveis &amp; Artesanatos A Art&#8217; Minha \u00e9 mais do que uma loja de m\u00f3veis r\u00fasticos, \u00e9 um ref\u00fagio para quem busca aconchego, beleza e atemporalidade. Aqui, voc\u00ea encontra pe\u00e7as feitas \u00e0 m\u00e3o com madeira maci\u00e7a de demoli\u00e7\u00e3o, carregadas de hist\u00f3ria e personalidade. Cada m\u00f3vel \u00e9 \u00fanico, com marcas e imperfei\u00e7\u00f5es que contam uma [&hellip;]<\/p>\n","protected":false},"author":1,"featured_media":0,"parent":0,"menu_order":0,"comment_status":"closed","ping_status":"closed","template":"page-templates\/full-width-page.php","meta":{"_coblocks_attr":"","_coblocks_dimensions":"","_coblocks_responsive_height":"","_coblocks_accordion_ie_support":"","_eb_attr":"","_crdt_document":"","om_disable_all_campaigns":false,"_uag_custom_page_level_css":"","_monsterinsights_skip_tracking":false,"_monsterinsights_sitenote_active":false,"_monsterinsights_sitenote_note":"","_monsterinsights_sitenote_category":0,"_uf_show_specific_survey":0,"_uf_disable_surveys":false,"footnotes":""},"class_list":["post-7","page","type-page","status-publish","hentry"],"aioseo_notices":[],"uagb_featured_image_src":{"full":false,"thumbnail":false,"medium":false,"medium_large":false,"large":false,"1536x1536":false,"2048x2048":false,"sow-carousel-default":false},"uagb_author_info":{"display_name":"admin","author_link":"https:\/\/artminhamoveiseartesanatos.com.br\/?author=1"},"uagb_comment_info":0,"uagb_excerpt":"Art&#8217; Minha Moveis &amp; Artesanatos A Art&#8217; Minha \u00e9 mais do que uma loja de m\u00f3veis r\u00fasticos, \u00e9 um ref\u00fagio para quem busca aconchego, beleza e atemporalidade. Aqui, voc\u00ea encontra pe\u00e7as feitas \u00e0 m\u00e3o com madeira maci\u00e7a de demoli\u00e7\u00e3o, carregadas de hist\u00f3ria e personalidade. Cada m\u00f3vel \u00e9 \u00fanico, com marcas e imperfei\u00e7\u00f5es que contam uma&hellip;","_links":{"self":[{"href":"https:\/\/artminhamoveiseartesanatos.com.br\/index.php?rest_route=\/wp\/v2\/pages\/7","targetHints":{"allow":["GET"]}}],"collection":[{"href":"https:\/\/artminhamoveiseartesanatos.com.br\/index.php?rest_route=\/wp\/v2\/pages"}],"about":[{"href":"https:\/\/artminhamoveiseartesanatos.com.br\/index.php?rest_route=\/wp\/v2\/types\/page"}],"author":[{"embeddable":true,"href":"https:\/\/artminhamoveiseartesanatos.com.br\/index.php?rest_route=\/wp\/v2\/users\/1"}],"replies":[{"embeddable":true,"href":"https:\/\/artminhamoveiseartesanatos.com.br\/index.php?rest_route=%2Fwp%2Fv2%2Fcomments&post=7"}],"version-history":[{"count":6,"href":"https:\/\/artminhamoveiseartesanatos.com.br\/index.php?rest_route=\/wp\/v2\/pages\/7\/revisions"}],"predecessor-version":[{"id":852,"href":"https:\/\/artminhamoveiseartesanatos.com.br\/index.php?rest_route=\/wp\/v2\/pages\/7\/revisions\/852"}],"wp:attachment":[{"href":"https:\/\/artminhamoveiseartesanatos.com.br\/index.php?rest_route=%2Fwp%2Fv2%2Fmedia&parent=7"}],"curies":[{"name":"wp","href":"https:\/\/api.w.org\/{rel}","templated":true}]}}